{"id":19,"date":"2023-04-17T13:54:41","date_gmt":"2023-04-17T13:54:41","guid":{"rendered":"https:\/\/staging.vegeta.com\/hr\/?page_id=19"},"modified":"2026-03-04T11:37:38","modified_gmt":"2026-03-04T10:37:38","slug":"pribeh-o-kvalite","status":"publish","type":"page","link":"https:\/\/lenvarspodravkou.sk\/sk\/pribeh-o-kvalite\/","title":{"rendered":"Pr\u00edbeh o kvalite"},"content":{"rendered":"\n<div class=\"gb-hero-special-page\">\n\t<div class=\"gb-hero-special-page__back-button c-container\">\n\t\t<a class=\"c-button-link c-button-link--left\"  href=\"https:\/\/lenvarspodravkou.sk\/sk\"   data-pgtm=\"itemClick\"\n   data-pgtm-element-category=\"button\"\n   data-pgtm-element-label=\"SP\u00c4\u0164\"\n   data-pgtm-element-page-location=\"body\"\n\t\t>\n\t<div class=\"c-button-link__arrow\">\n\t\t<div class=\"c-button-link__arrow__circle\"><\/div>\n\t\t<div class=\"c-button-link__arrow__icon\">\n\t\t\t<svg width=\"62\" height=\"14\" viewBox=\"0 0 62 14\" fill=\"none\" xmlns=\"http:\/\/www.w3.org\/2000\/svg\">\n<path d=\"M1 7L61 7M61 7L56.0413 1M61 7L56.0413 13\" stroke=\"#E9987F\" stroke-width=\"2\" stroke-linecap=\"round\" stroke-linejoin=\"round\"\/>\n<\/svg>\n\n\t\t<\/div>\n\t<\/div>\n\t<span class=\"c-button-link__text\">SP\u00c4\u0164<\/span>\n<\/a>\n\t<\/div>\n\t<div class=\"gb-hero-special-page__content c-container\">\n\t\t<h1 class=\"gb-hero-special-page__content__title\">Uzn\u00e1van\u00e1 kvalita<\/h1>\n\t\t<p class=\"gb-hero-special-page__content__description\">Na\u0161\u00edm hlavn\u00fdm cie\u013eom je pon\u00faka\u0165 potraviny v\u00fdnimo\u010dnej kvality a pr\u00edsne kontrolovan\u00e9ho p\u00f4vodu, ktor\u00e9 m\u00f4\u017eete r\u00fdchlo a jednoducho pou\u017ei\u0165. Ka\u017ed\u00fd de\u0148 tvrdo pracujeme na dosiahnut\u00ed tohto cie\u013ea.<\/p>\n\t<\/div>\n<\/div>\n\n\n\n\n\n<div class=\"gb-full-width-image gb-full-width-image--background-blue-gradient\">\n\t<div class=\"gb-full-width-image__picture\"\n\t\t style=\"background-image: url(https:\/\/cdn.vegeta.com\/ska\/2025\/09\/acb7ac13392e7d3795e98dc9eaf328eca3c726fc.png)\"><\/div>\n<\/div>\n\n\n\n\n\n<div class=\"gb-title-with-description-and-image gb-title-with-description-and-image--background-light-green gb-title-with-description-and-image--primary-dark-green gb-title-with-description-and-image--secondary-dark-brown\">\n\t<div class=\"gb-title-with-description-and-image__center-container\">\n\t\t<div class=\"gb-title-with-description-and-image__center-container__content-container c-container\">\n\t\t\t<div class=\"gb-title-with-description-and-image__center-container__content-container__top-container\">\n\t\t\t\t<h2 class=\"gb-title-with-description-and-image__center-container__content-container__top-container__title\">\n\t\t\t\t\tZelen\u00fd krok (dopredu)\n\t\t\t\t<\/h2>\n\t\t\t\t<p class=\"gb-title-with-description-and-image__center-container__content-container__top-container__subtitle\">\n\t\t\t\t\tPodravka BIO predstavuje na\u0161e poslanie bud\u00facnosti. Je to zelen\u00fd krok vpred smerom k ekologickej v\u00fdrobe a \u010dist\u00fdm ingredienci\u00e1m. Podravka BIO obsahuje viac ako 10 r\u00f4znych ekologicky pestovan\u00fdch druhov zeleniny a koren\u00edn, morsk\u00fa so\u013e, bez pridan\u00fdch cukrov, lepku, lakt\u00f3zy, adit\u00edv \u010di konzervantov a je vhodn\u00e1 pre veg\u00e1nsku stravu.\n\t\t\t\t<\/p>\n\t\t\t<\/div>\n\t\t\t<div class=\"gb-title-with-description-and-image__center-container__content-container__img-container\">\n\t\t\t\t\n\n<figure class=\"wp-block-image size-large\"><img loading=\"lazy\" decoding=\"async\" width=\"1024\" height=\"514\" src=\"https:\/\/cdn.vegeta.com\/ska\/2025\/09\/0533f2aa57bf975b84eb139ec2786234d7dd0a08-1024x514.jpg\" alt=\"\" class=\"wp-image-7574\" srcset=\"https:\/\/cdn.vegeta.com\/ska\/2025\/09\/0533f2aa57bf975b84eb139ec2786234d7dd0a08-1024x514.jpg 1024w, https:\/\/cdn.vegeta.com\/ska\/2025\/09\/0533f2aa57bf975b84eb139ec2786234d7dd0a08-300x151.jpg 300w, https:\/\/cdn.vegeta.com\/ska\/2025\/09\/0533f2aa57bf975b84eb139ec2786234d7dd0a08-768x386.jpg 768w, https:\/\/cdn.vegeta.com\/ska\/2025\/09\/0533f2aa57bf975b84eb139ec2786234d7dd0a08-1536x771.jpg 1536w, https:\/\/cdn.vegeta.com\/ska\/2025\/09\/0533f2aa57bf975b84eb139ec2786234d7dd0a08.jpg 1884w\" sizes=\"auto, (max-width: 1024px) 100vw, 1024px\" \/><\/figure>\n\n\n\t\t\t<\/div>\n\t\t<\/div>\n\t<\/div>\n<\/div>\n\n\n\n<div class=\"gb-stories-grid js-stories-grid\">\n\t<div class=\"gb-stories-grid__container c-container\">\n\t\t\n\n\n<a\n\tclass=\"c-post-item gb-story-block\"\n\thref=\"\"\n\ttarget='__blank'\n\t\n\tdata-pgtm=\"itemClick\"\n\tdata-pgtm-element-category=\"post\"\n\tdata-pgtm-element-label=\"Aktivity v\u00fdskumu a v\u00fdvoja s\u00fa hnac\u00edm motorom rozvoja na\u0161ej spolo\u010dnosti. S\u00fa pretkan\u00e9 hodnotami autorky Podravky, profesorky Zlaty Bartl a jej t\u00edmu: v\u00e1\u0161e\u0148, kreativita, inov\u00e1cie, dokonalos\u0165, d\u00f4vera a zdravie spotrebite\u013eov.\"\n\tdata-pgtm-element-page-location=\"body\"\n>\n\t<div class=\"c-post-item__img-container\">\n\t\t\t\t\t<div class=\"c-post-item__img-container__img\" style=\"background-image: url(https:\/\/cdn.staging.vegeta.com\/media\/2023\/10\/story-1.png)\"><\/div>\n\t\t\t\t\t<\/div>\n\t\t<div class=\"c-post-item__category-container\">\n\t\t\t\t\t<div class=\"c-post-item__category-container__line\"><\/div>\n\t\t\t\t<p class=\"c-post-item__category-container__text\">\n\t\t\tRozvoj v\u00fdroby\n\t\t<\/p>\n\t<\/div>\n\t\t<p class=\"c-post-item__title  gb-story-block__description\">\n\t\t\t\tAktivity v\u00fdskumu a v\u00fdvoja s\u00fa hnac\u00edm motorom rozvoja na\u0161ej spolo\u010dnosti. S\u00fa pretkan\u00e9 hodnotami autorky Podravky, profesorky Zlaty Bartl a jej t\u00edmu: v\u00e1\u0161e\u0148, kreativita, inov\u00e1cie, dokonalos\u0165, d\u00f4vera a zdravie spotrebite\u013eov.\n\t<\/p>\n<\/a>\n\n\n\n\n<a\n\tclass=\"c-post-item gb-story-block\"\n\thref=\"\"\n\ttarget='__blank'\n\t\n\tdata-pgtm=\"itemClick\"\n\tdata-pgtm-element-category=\"post\"\n\tdata-pgtm-element-label=\"Zameriavame sa na v\u00fdrobu vysoko kvalitn\u00fdch a zdrav\u00fdch produktov zalo\u017een\u00fdch na spr\u00e1vnej v\u00fdrobnej praxi a princ\u00edpoch riadenia kvality a bezpe\u010dnosti potrav\u00edn.\"\n\tdata-pgtm-element-page-location=\"body\"\n>\n\t<div class=\"c-post-item__img-container\">\n\t\t\t\t\t<div class=\"c-post-item__img-container__img\" style=\"background-image: url(https:\/\/cdn.staging.vegeta.com\/media\/2023\/10\/story-2.png)\"><\/div>\n\t\t\t\t\t<\/div>\n\t\t<div class=\"c-post-item__category-container\">\n\t\t\t\t\t<div class=\"c-post-item__category-container__line\"><\/div>\n\t\t\t\t<p class=\"c-post-item__category-container__text\">\n\t\t\t<strong>Kvalita a bezpe\u010dnos\u0165 potrav\u00edn<\/strong>\n\t\t<\/p>\n\t<\/div>\n\t\t<p class=\"c-post-item__title  gb-story-block__description\">\n\t\t\t\tZameriavame sa na v\u00fdrobu vysoko kvalitn\u00fdch a zdrav\u00fdch produktov zalo\u017een\u00fdch na spr\u00e1vnej v\u00fdrobnej praxi a princ\u00edpoch riadenia kvality a bezpe\u010dnosti potrav\u00edn.\n\t<\/p>\n<\/a>\n\n\n\t<\/div>\n<\/div>\n\n\n\n\n\n<div class=\"gb-title-with-description-and-image gb-title-with-description-and-image--background-beige gb-title-with-description-and-image--primary-dark-blue gb-title-with-description-and-image--secondary-dark-brown\">\n\t<div class=\"gb-title-with-description-and-image__center-container\">\n\t\t<div class=\"gb-title-with-description-and-image__center-container__content-container c-container\">\n\t\t\t<div class=\"gb-title-with-description-and-image__center-container__content-container__top-container\">\n\t\t\t\t<h2 class=\"gb-title-with-description-and-image__center-container__content-container__top-container__title\">\n\t\t\t\t\tPodravka vo svete\n\t\t\t\t<\/h2>\n\t\t\t\t<p class=\"gb-title-with-description-and-image__center-container__content-container__top-container__subtitle\">\n\t\t\t\t\tOsem mili\u00e1rd ly\u017e\u00edc in\u0161pir\u00e1cie, ktor\u00e9 zlep\u0161uj\u00fa chu\u0165 jed\u00e1l po celom svete.\n\t\t\t\t<\/p>\n\t\t\t<\/div>\n\t\t\t<div class=\"gb-title-with-description-and-image__center-container__content-container__img-container\">\n\t\t\t\t\n\n<figure class=\"wp-block-image size-large\"><img loading=\"lazy\" decoding=\"async\" width=\"1024\" height=\"519\" src=\"https:\/\/cdn.vegeta.com\/ska\/2026\/03\/image-world-map-1024x519.webp\" alt=\"\" class=\"wp-image-8213\" srcset=\"https:\/\/cdn.vegeta.com\/ska\/2026\/03\/image-world-map-1024x519.webp 1024w, https:\/\/cdn.vegeta.com\/ska\/2026\/03\/image-world-map-300x152.webp 300w, https:\/\/cdn.vegeta.com\/ska\/2026\/03\/image-world-map-768x389.webp 768w, https:\/\/cdn.vegeta.com\/ska\/2026\/03\/image-world-map-1536x779.webp 1536w, https:\/\/cdn.vegeta.com\/ska\/2026\/03\/image-world-map-2048x1038.webp 2048w\" sizes=\"auto, (max-width: 1024px) 100vw, 1024px\" \/><\/figure>\n\n\n\t\t\t<\/div>\n\t\t<\/div>\n\t<\/div>\n<\/div>\n","protected":false},"excerpt":{"rendered":"","protected":false},"author":3,"featured_media":0,"parent":0,"menu_order":0,"comment_status":"closed","ping_status":"closed","template":"special-single-page.php","meta":{"_acf_changed":false,"ep_exclude_from_search":false,"footnotes":""},"class_list":["post-19","page","type-page","status-publish","hentry"],"acf":[],"yoast_head":"<!-- This site is optimized with the Yoast SEO plugin v25.1 - https:\/\/yoast.com\/wordpress\/plugins\/seo\/ -->\n<title>Pr\u00edbeh o kvalite - Podravka<\/title>\n<meta name=\"robots\" content=\"index, follow, max-snippet:-1, max-image-preview:large, max-video-preview:-1\" \/>\n<link rel=\"canonical\" href=\"https:\/\/lenvarspodravkou.sk\/sk\/pribeh-o-kvalite\/\" \/>\n<meta property=\"og:locale\" content=\"sk_SK\" \/>\n<meta property=\"og:type\" content=\"article\" \/>\n<meta property=\"og:title\" content=\"Pr\u00edbeh o kvalite - Podravka\" \/>\n<meta property=\"og:url\" content=\"https:\/\/lenvarspodravkou.sk\/sk\/pribeh-o-kvalite\/\" \/>\n<meta property=\"og:site_name\" content=\"Podravka\" \/>\n<meta property=\"article:modified_time\" content=\"2026-03-04T10:37:38+00:00\" \/>\n<meta property=\"og:image\" content=\"https:\/\/cdn.vegeta.com\/ska\/2025\/09\/0533f2aa57bf975b84eb139ec2786234d7dd0a08-1024x514.jpg\" \/>\n<meta name=\"twitter:card\" content=\"summary_large_image\" \/>\n<meta name=\"twitter:label1\" content=\"Est. reading time\" \/>\n\t<meta name=\"twitter:data1\" content=\"1 minute\" \/>\n<script type=\"application\/ld+json\" class=\"yoast-schema-graph\">{\"@context\":\"https:\/\/schema.org\",\"@graph\":[{\"@type\":\"WebPage\",\"@id\":\"https:\/\/lenvarspodravkou.sk\/sk\/pribeh-o-kvalite\/\",\"url\":\"https:\/\/lenvarspodravkou.sk\/sk\/pribeh-o-kvalite\/\",\"name\":\"Pr\u00edbeh o kvalite - Podravka\",\"isPartOf\":{\"@id\":\"https:\/\/lenvarspodravkou.sk\/sk\/#website\"},\"primaryImageOfPage\":{\"@id\":\"https:\/\/lenvarspodravkou.sk\/sk\/pribeh-o-kvalite\/#primaryimage\"},\"image\":{\"@id\":\"https:\/\/lenvarspodravkou.sk\/sk\/pribeh-o-kvalite\/#primaryimage\"},\"thumbnailUrl\":\"https:\/\/cdn.vegeta.com\/ska\/2025\/09\/0533f2aa57bf975b84eb139ec2786234d7dd0a08-1024x514.jpg\",\"datePublished\":\"2023-04-17T13:54:41+00:00\",\"dateModified\":\"2026-03-04T10:37:38+00:00\",\"breadcrumb\":{\"@id\":\"https:\/\/lenvarspodravkou.sk\/sk\/pribeh-o-kvalite\/#breadcrumb\"},\"inLanguage\":\"sk-SK\",\"potentialAction\":[{\"@type\":\"ReadAction\",\"target\":[\"https:\/\/lenvarspodravkou.sk\/sk\/pribeh-o-kvalite\/\"]}]},{\"@type\":\"ImageObject\",\"inLanguage\":\"sk-SK\",\"@id\":\"https:\/\/lenvarspodravkou.sk\/sk\/pribeh-o-kvalite\/#primaryimage\",\"url\":\"https:\/\/cdn.vegeta.com\/ska\/2025\/09\/0533f2aa57bf975b84eb139ec2786234d7dd0a08-1024x514.jpg\",\"contentUrl\":\"https:\/\/cdn.vegeta.com\/ska\/2025\/09\/0533f2aa57bf975b84eb139ec2786234d7dd0a08-1024x514.jpg\"},{\"@type\":\"BreadcrumbList\",\"@id\":\"https:\/\/lenvarspodravkou.sk\/sk\/pribeh-o-kvalite\/#breadcrumb\",\"itemListElement\":[{\"@type\":\"ListItem\",\"position\":1,\"name\":\"Home\",\"item\":\"https:\/\/lenvarspodravkou.sk\/sk\/\"},{\"@type\":\"ListItem\",\"position\":2,\"name\":\"Pr\u00edbeh o kvalite\"}]},{\"@type\":\"WebSite\",\"@id\":\"https:\/\/lenvarspodravkou.sk\/sk\/#website\",\"url\":\"https:\/\/lenvarspodravkou.sk\/sk\/\",\"name\":\"Podravka\",\"description\":\"\",\"publisher\":{\"@id\":\"https:\/\/lenvarspodravkou.sk\/sk\/#organization\"},\"potentialAction\":[{\"@type\":\"SearchAction\",\"target\":{\"@type\":\"EntryPoint\",\"urlTemplate\":\"https:\/\/lenvarspodravkou.sk\/sk\/?s={search_term_string}\"},\"query-input\":{\"@type\":\"PropertyValueSpecification\",\"valueRequired\":true,\"valueName\":\"search_term_string\"}}],\"inLanguage\":\"sk-SK\"},{\"@type\":\"Organization\",\"@id\":\"https:\/\/lenvarspodravkou.sk\/sk\/#organization\",\"name\":\"Podravka\",\"url\":\"https:\/\/lenvarspodravkou.sk\/sk\/\",\"logo\":{\"@type\":\"ImageObject\",\"inLanguage\":\"sk-SK\",\"@id\":\"https:\/\/lenvarspodravkou.sk\/sk\/#\/schema\/logo\/image\/\",\"url\":\"https:\/\/cdn.vegeta.com\/ska\/2025\/09\/2b39f47aa7fe21af75a55948580f4d661a8c0b00.png\",\"contentUrl\":\"https:\/\/cdn.vegeta.com\/ska\/2025\/09\/2b39f47aa7fe21af75a55948580f4d661a8c0b00.png\",\"width\":1200,\"height\":630,\"caption\":\"Podravka\"},\"image\":{\"@id\":\"https:\/\/lenvarspodravkou.sk\/sk\/#\/schema\/logo\/image\/\"}}]}<\/script>\n<!-- \/ Yoast SEO plugin. -->","yoast_head_json":{"title":"Pr\u00edbeh o kvalite - Podravka","robots":{"index":"index","follow":"follow","max-snippet":"max-snippet:-1","max-image-preview":"max-image-preview:large","max-video-preview":"max-video-preview:-1"},"canonical":"https:\/\/lenvarspodravkou.sk\/sk\/pribeh-o-kvalite\/","og_locale":"sk_SK","og_type":"article","og_title":"Pr\u00edbeh o kvalite - Podravka","og_url":"https:\/\/lenvarspodravkou.sk\/sk\/pribeh-o-kvalite\/","og_site_name":"Podravka","article_modified_time":"2026-03-04T10:37:38+00:00","og_image":[{"url":"https:\/\/cdn.vegeta.com\/ska\/2025\/09\/0533f2aa57bf975b84eb139ec2786234d7dd0a08-1024x514.jpg","type":"","width":"","height":""}],"twitter_card":"summary_large_image","twitter_misc":{"Est. reading time":"1 minute"},"schema":{"@context":"https:\/\/schema.org","@graph":[{"@type":"WebPage","@id":"https:\/\/lenvarspodravkou.sk\/sk\/pribeh-o-kvalite\/","url":"https:\/\/lenvarspodravkou.sk\/sk\/pribeh-o-kvalite\/","name":"Pr\u00edbeh o kvalite - Podravka","isPartOf":{"@id":"https:\/\/lenvarspodravkou.sk\/sk\/#website"},"primaryImageOfPage":{"@id":"https:\/\/lenvarspodravkou.sk\/sk\/pribeh-o-kvalite\/#primaryimage"},"image":{"@id":"https:\/\/lenvarspodravkou.sk\/sk\/pribeh-o-kvalite\/#primaryimage"},"thumbnailUrl":"https:\/\/cdn.vegeta.com\/ska\/2025\/09\/0533f2aa57bf975b84eb139ec2786234d7dd0a08-1024x514.jpg","datePublished":"2023-04-17T13:54:41+00:00","dateModified":"2026-03-04T10:37:38+00:00","breadcrumb":{"@id":"https:\/\/lenvarspodravkou.sk\/sk\/pribeh-o-kvalite\/#breadcrumb"},"inLanguage":"sk-SK","potentialAction":[{"@type":"ReadAction","target":["https:\/\/lenvarspodravkou.sk\/sk\/pribeh-o-kvalite\/"]}]},{"@type":"ImageObject","inLanguage":"sk-SK","@id":"https:\/\/lenvarspodravkou.sk\/sk\/pribeh-o-kvalite\/#primaryimage","url":"https:\/\/cdn.vegeta.com\/ska\/2025\/09\/0533f2aa57bf975b84eb139ec2786234d7dd0a08-1024x514.jpg","contentUrl":"https:\/\/cdn.vegeta.com\/ska\/2025\/09\/0533f2aa57bf975b84eb139ec2786234d7dd0a08-1024x514.jpg"},{"@type":"BreadcrumbList","@id":"https:\/\/lenvarspodravkou.sk\/sk\/pribeh-o-kvalite\/#breadcrumb","itemListElement":[{"@type":"ListItem","position":1,"name":"Home","item":"https:\/\/lenvarspodravkou.sk\/sk\/"},{"@type":"ListItem","position":2,"name":"Pr\u00edbeh o kvalite"}]},{"@type":"WebSite","@id":"https:\/\/lenvarspodravkou.sk\/sk\/#website","url":"https:\/\/lenvarspodravkou.sk\/sk\/","name":"Podravka","description":"","publisher":{"@id":"https:\/\/lenvarspodravkou.sk\/sk\/#organization"},"potentialAction":[{"@type":"SearchAction","target":{"@type":"EntryPoint","urlTemplate":"https:\/\/lenvarspodravkou.sk\/sk\/?s={search_term_string}"},"query-input":{"@type":"PropertyValueSpecification","valueRequired":true,"valueName":"search_term_string"}}],"inLanguage":"sk-SK"},{"@type":"Organization","@id":"https:\/\/lenvarspodravkou.sk\/sk\/#organization","name":"Podravka","url":"https:\/\/lenvarspodravkou.sk\/sk\/","logo":{"@type":"ImageObject","inLanguage":"sk-SK","@id":"https:\/\/lenvarspodravkou.sk\/sk\/#\/schema\/logo\/image\/","url":"https:\/\/cdn.vegeta.com\/ska\/2025\/09\/2b39f47aa7fe21af75a55948580f4d661a8c0b00.png","contentUrl":"https:\/\/cdn.vegeta.com\/ska\/2025\/09\/2b39f47aa7fe21af75a55948580f4d661a8c0b00.png","width":1200,"height":630,"caption":"Podravka"},"image":{"@id":"https:\/\/lenvarspodravkou.sk\/sk\/#\/schema\/logo\/image\/"}}]}},"_links":{"self":[{"href":"https:\/\/lenvarspodravkou.sk\/sk\/wp-json\/wp\/v2\/pages\/19","targetHints":{"allow":["GET"]}}],"collection":[{"href":"https:\/\/lenvarspodravkou.sk\/sk\/wp-json\/wp\/v2\/pages"}],"about":[{"href":"https:\/\/lenvarspodravkou.sk\/sk\/wp-json\/wp\/v2\/types\/page"}],"author":[{"embeddable":true,"href":"https:\/\/lenvarspodravkou.sk\/sk\/wp-json\/wp\/v2\/users\/3"}],"replies":[{"embeddable":true,"href":"https:\/\/lenvarspodravkou.sk\/sk\/wp-json\/wp\/v2\/comments?post=19"}],"version-history":[{"count":24,"href":"https:\/\/lenvarspodravkou.sk\/sk\/wp-json\/wp\/v2\/pages\/19\/revisions"}],"predecessor-version":[{"id":8214,"href":"https:\/\/lenvarspodravkou.sk\/sk\/wp-json\/wp\/v2\/pages\/19\/revisions\/8214"}],"wp:attachment":[{"href":"https:\/\/lenvarspodravkou.sk\/sk\/wp-json\/wp\/v2\/media?parent=19"}],"curies":[{"name":"wp","href":"https:\/\/api.w.org\/{rel}","templated":true}]}}