{"id":34,"date":"2023-05-09T11:35:02","date_gmt":"2023-05-09T11:35:02","guid":{"rendered":"https:\/\/staging.vegeta.com\/hr\/?page_id=34"},"modified":"2025-07-02T08:21:21","modified_gmt":"2025-07-02T07:21:21","slug":"pravila-i-uvjeti-koristenja","status":"publish","type":"page","link":"https:\/\/lenvarspodravkou.sk\/sk\/pravila-i-uvjeti-koristenja\/","title":{"rendered":"Podmienky pou\u017e\u00edvania"},"content":{"rendered":"\n<p>Webov\u00fa str\u00e1nku&nbsp;https:\/\/lenvar.sk&nbsp;(\u010falej len webov\u00e1 str\u00e1nka) spustila a spravuje spolo\u010dnos\u0165 PODRAVKA INTERNATIONAL s.r.o. (\u010falej len \u201ePodravka\u201c, \u201emy\u201c, \u201en\u00e1s\u201c alebo \u201en\u00e1\u0161\u201c).<\/p>\n\n\n\n<p>Prv\u00fdm pou\u017eit\u00edm webovej str\u00e1nky m\u00e1me za to, \u017ee ste plne obozn\u00e1men\u00ed s t\u00fdmito Podmienkami, \u017ee im rozumiete a s\u00fahlas\u00edte s nimi. Ak nes\u00fahlas\u00edte s t\u00fdmito Podmienkami, nevstupujte na Webov\u00fa str\u00e1nku a nepou\u017e\u00edvajte jej obsah. Ak m\u00e1te ak\u00e9ko\u013evek ot\u00e1zky alebo pochybnosti t\u00fdkaj\u00face sa Podmienok pou\u017e\u00edvania, kontaktujte n\u00e1s na podravka@podravka.sk.<br><br>Vyhradzujeme si pr\u00e1vo zmeni\u0165 vzh\u013ead a obsah webovej str\u00e1nky a Podmienky pou\u017e\u00edvania tak\u017ee v\u00e1s pros\u00edme o pr\u00edle\u017eitostn\u00e9 skontrolovanie, aby ste sa obozn\u00e1mili s pr\u00edpadn\u00fdmi zmenami. Va\u0161e \u010fal\u0161ie pou\u017e\u00edvanie webovej str\u00e1nky sa bude pova\u017eova\u0165 za prijatie ak\u00fdchko\u013evek tak\u00fdchto zmien.<\/p>\n\n\n\n<p>Tieto podmienky upravuj\u00fa nasleduj\u00face z\u00e1le\u017eitosti:<\/p>\n\n\n\n<ol class=\"wp-block-list\">\n<li>Podmienky pou\u017e\u00edvania.<\/li>\n\n\n\n<li>Autorsk\u00e9 pr\u00e1va a in\u00e9 pr\u00e1va du\u0161evn\u00e9ho vlastn\u00edctva.<\/li>\n\n\n\n<li>Z\u00e1ruky a vyl\u00fa\u010denie zodpovednosti.<\/li>\n\n\n\n<li>Odkazy<\/li>\n\n\n\n<li>Zmeny a ukon\u010denie.<\/li>\n<\/ol>\n\n\n\n<h2 class=\"wp-block-heading\">1. Podmienky pou\u017e\u00edvania<\/h2>\n\n\n\n<h3 class=\"wp-block-heading\"><strong>Prijate\u013en\u00e9 pou\u017eitie<\/strong><\/h3>\n\n\n\n<p>S\u0165ahovanie a tla\u010d formul\u00e1rov, prehliadanie in\u00fdch materi\u00e1lov a obsahu na tejto adrese je povolen\u00e9 len pre osobn\u00e9 pou\u017eitie. Nesmiete verejne zobrazova\u0165, pren\u00e1\u0161a\u0165, publikova\u0165, upravova\u0165, reprodukova\u0165, distribuova\u0165, z\u00fa\u010dast\u0148ova\u0165 sa na akomko\u013evek prevode alebo predaji, vytv\u00e1ra\u0165 k\u00f3pie, odovzd\u00e1va\u0165 alebo pou\u017e\u00edva\u0165 obsah webovej str\u00e1nky vcelku alebo \u010diasto\u010dne ak\u00fdmko\u013evek in\u00fdm sp\u00f4sobom, ani vybera\u0165 a koordinova\u0165 jej obsah bez v\u00fdslovn\u00e9ho p\u00edsomn\u00e9ho s\u00fahlasu spolo\u010dnosti Podravka d.d. a in\u00fdch dr\u017eite\u013eov autorsk\u00fdch pr\u00e1v a in\u00fdch pr\u00e1v du\u0161evn\u00e9ho vlastn\u00edctva. Ak bolo tak\u00e9to povolenie udelen\u00e9, nesmiete vymaza\u0165 ani zmeni\u0165 \u017eiadne existuj\u00face \u00fadaje t\u00fdkaj\u00face sa autorsk\u00fdch pr\u00e1v a\/alebo ochrann\u00fdch zn\u00e1mok alebo in\u00fdch pr\u00e1v du\u0161evn\u00e9ho vlastn\u00edctva.<\/p>\n\n\n\n<h3 class=\"wp-block-heading\"><strong>Komer\u010dn\u00e9 pou\u017eitie<\/strong><\/h3>\n\n\n\n<p>Webov\u00e1 str\u00e1nka nesmie by\u0165 pou\u017eit\u00e1 na obchodovanie, predaj alebo ak\u00e9ko\u013evek in\u00e9 komer\u010dn\u00e9 \u00fa\u010dely okrem n\u00e1kupu od spolo\u010dnosti PODRAVKA INTERNATIONAL s.r.o. Ak\u00e1ko\u013evek forma reklamy alebo zhroma\u017e\u010fovania pon\u00fak produktov a slu\u017eieb bez p\u00edsomn\u00e9ho s\u00fahlasu spolo\u010dnosti Podravka nie je povolen\u00e1. Je zak\u00e1zan\u00e9 pren\u00e1\u0161a\u0165 a zverej\u0148ova\u0165 obsc\u00e9nny, ur\u00e1\u017eliv\u00fd, vulg\u00e1rny, v\u00fdhra\u017en\u00fd, neslu\u0161n\u00fd alebo inak neprijate\u013en\u00fd alebo nez\u00e1konn\u00fd obsah, ako aj obsah, ktor\u00fd poru\u0161uje pr\u00e1va ktorejko\u013evek strany, a to najm\u00e4 obsah obsahuj\u00faci v\u00edrusy alebo in\u00fd \u0161kodliv\u00fd materi\u00e1l. Pou\u017e\u00edvatelia s\u00fa v\u00fdhradne zodpovedn\u00ed za ak\u00e9ko\u013evek \u0161kody vypl\u00fdvaj\u00face z ich \u010dinnost\u00ed, ktor\u00e9 nie s\u00fa v s\u00falade s vy\u0161\u0161ie uveden\u00fdm, ako aj za ak\u00fdko\u013evek in\u00fd typ \u0161kody, ktor\u00e1 z toho m\u00f4\u017ee vyplyn\u00fa\u0165. PODRAVKA INTERNATIONAL s.r.o. m\u00e1 pr\u00e1vo (ale nie je povinn\u00e1) vymaza\u0165 v\u0161etky alebo \u010das\u0165 materi\u00e1lov a obsahu zverejnen\u00fdch pou\u017e\u00edvate\u013emi na Webovej str\u00e1nke.<\/p>\n\n\n\n<h3 class=\"wp-block-heading\"><strong>Uverej\u0148ovanie obsahu a materi\u00e1lov<\/strong><\/h3>\n\n\n\n<p>Uverejnen\u00edm obsahu a materi\u00e1lov (vr\u00e1tane, ale nie v\u00fdlu\u010dne, n\u00e1vrhov, n\u00e1padov, n\u00e1kresov a receptov) na tejto webovej str\u00e1nke automaticky ude\u013eujete (alebo zaru\u010dujete, \u017ee vlastn\u00edk materi\u00e1lu v\u00fdslovne udelil) spolo\u010dnosti PODRAVKA INTERNATIONAL s.r.o. neodvolate\u013en\u00e9, trval\u00e9 a v\u00fdhradn\u00e9 pr\u00e1va a licencie na pou\u017e\u00edvanie, prisp\u00f4sobenie a \u00fapravu, za\u010dlenenie do in\u00fdch diel, preklad, publikovanie, prenos a distrib\u00faciu tohto materi\u00e1lu po celom svete v akejko\u013evek forme a vo v\u0161etk\u00fdch m\u00e9di\u00e1ch, ktor\u00e9 s\u00fa teraz zn\u00e1me alebo nesk\u00f4r navrhnut\u00e9, na ak\u00fdko\u013evek \u00fa\u010del a bezplatne. Ustanovenia tohto \u010dl\u00e1nku zostan\u00fa v platnosti aj po ukon\u010den\u00ed platnosti t\u00fdchto podmienok.<\/p>\n\n\n\n<h2 class=\"wp-block-heading\">2. Autorsk\u00e9 pr\u00e1va a in\u00e9 pr\u00e1va du\u0161evn\u00e9ho vlastn\u00edctva<\/h2>\n\n\n\n<p>Obsah webovej str\u00e1nky je chr\u00e1nen\u00fd autorsk\u00fdm pr\u00e1vom spolo\u010dnosti PODRAVKA INTERNATIONAL s.r.o. alebo pridelen\u00fd PODRAVKA INTERNATIONAL s.r.o. a vo vlastn\u00edctve tret\u00edch str\u00e1n. PODRAVKA INTERNATIONAL s.r.o. tie\u017e vlastn\u00ed autorsk\u00e9 pr\u00e1va na \u00fapravu, v\u00fdber a koordin\u00e1ciu obsahu Webovej str\u00e1nky. Webov\u00e1 str\u00e1nka \u010falej obsahuje ochrann\u00e9 zn\u00e1mky, men\u00e1 jednotlivcov a in\u00fd obsah du\u0161evn\u00e9ho vlastn\u00edctva, ktor\u00fd vlastn\u00ed PODRAVKA INTERNATIONAL s.r.o. alebo tret\u00edch os\u00f4b, pre ktor\u00e9 je Podravka dr\u017eite\u013eom licencie. Nepredpokladajte, \u017ee ak\u00fdko\u013evek obsah na Webovej str\u00e1nke je vo\u013ene pou\u017eite\u013en\u00fd bez obmedzen\u00ed. M\u00f4\u017eete po\u017eiada\u0165 o povolenie na reprodukciu obsahu.<\/p>\n\n\n\n<h3 class=\"wp-block-heading\"><strong>Obr\u00e1zky a video<\/strong><\/h3>\n\n\n\n<p>V\u0161etky fotografie, obr\u00e1zky, vide\u00e1, biografick\u00e9 inform\u00e1cie o jednotlivcoch a\/alebo in\u00e9 materi\u00e1ly nach\u00e1dzaj\u00face sa na Webovej str\u00e1nke s\u00fa v\u00fdhradn\u00fdm vlastn\u00edctvom spolo\u010dnosti PODRAVKA INTERNATIONAL s.r.o. Autorsk\u00e9 pr\u00e1va a in\u00e9 pr\u00e1va du\u0161evn\u00e9ho vlastn\u00edctva ku v\u0161etk\u00fdm materi\u00e1lom na webovej str\u00e1nke patria spolo\u010dnosti PODRAVKA INTERNATIONAL s.r.o. V\u0161etky pr\u00e1va s\u00fa vyhraden\u00e9. Subjekty m\u00f4\u017eu pou\u017ei\u0165 tieto materi\u00e1ly len na propaga\u010dn\u00e9, redak\u010dn\u00e9 a informa\u010dn\u00e9 \u00fa\u010dely publikovania v novin\u00e1ch, \u010dasopisoch a elektronick\u00fdch m\u00e9di\u00e1ch. Ak\u00e9ko\u013evek in\u00e9 pou\u017eitie materi\u00e1lov z webovej str\u00e1nky je zak\u00e1zan\u00e9. Okrem toho sa materi\u00e1ly z webovej str\u00e1nky nesm\u00fa pou\u017e\u00edva\u0165 v s\u00favislosti s ak\u00fdmko\u013evek predajom alebo ponukou na predaj produktov alebo slu\u017eieb ak\u00e9hoko\u013evek druhu. Uveden\u00e9 povolenie na pou\u017e\u00edvanie a sp\u00f4sob pou\u017e\u00edvania webovej str\u00e1nky nemo\u017eno previes\u0165, zada\u0165 subdod\u00e1vate\u013eom alebo post\u00fapi\u0165 a ak\u00fdko\u013evek zam\u00fd\u0161\u013ean\u00fd a pokusn\u00fd prevod, subdod\u00e1vka alebo post\u00fapenie sa pova\u017euje za neplatn\u00e9. Pou\u017e\u00edvan\u00edm materi\u00e1lov z webovej str\u00e1nky sa pou\u017e\u00edvatelia m\u00e9di\u00ed zav\u00e4zuj\u00fa plne dodr\u017eiava\u0165 obmedzenia, podmienky a po\u017eiadavky uveden\u00e9 v tomto dokumente.<\/p>\n\n\n\n<h2 class=\"wp-block-heading\">3. Z\u00e1ruky a vyl\u00fa\u010denia zodpovednosti<\/h2>\n\n\n\n<p>K\u00fdm PODRAVKA INTERNATIONAL s.r.o. vynaklad\u00e1 primeran\u00e9 \u00fasilie, aby zabezpe\u010dila, \u017ee inform\u00e1cie zverejnen\u00e9 na webovej str\u00e1nke s\u00fa presn\u00e9 a aktu\u00e1lne, neposkytuje \u017eiadne z\u00e1ruky t\u00fdkaj\u00face sa presnosti a \u00faplnosti tak\u00fdchto inform\u00e1ci\u00ed ani neposkytuje pr\u00e1vo namieta\u0165 v tomto smere. Okrem v\u00fdslovn\u00fdch z\u00e1ruk na produkty od spolo\u010dnosti PODRAVKA INTERNATIONAL s.r.o., PODRAVKA INTERNATIONAL s.r.o. zd\u00f4raz\u0148uje, \u017ee v\u0161etky materi\u00e1ly a obsah na webovej str\u00e1nke s\u00fa poskytovan\u00e9 \u201etak ako s\u00fa\u201c a spolo\u010dnos\u0165 PODRAVKA INTERNATIONAL s.r.o. nenesie zodpovednos\u0165 za \u017eiadne d\u00f4sledky, ktor\u00e9 m\u00f4\u017eu vyplyn\u00fa\u0165 z odli\u0161nej interpret\u00e1cie materi\u00e1lov a obsahu na Webovej str\u00e1nke. PODRAVKA INTERNATIONAL s.r.o. nezaru\u010duje, \u017ee Webov\u00e1 str\u00e1nka bude v\u017edy dostupn\u00e1 a nepreru\u0161en\u00e1 alebo bez ch\u00fdb a v\u00edrusov. V\u0161etci pou\u017e\u00edvatelia v\u00fdslovne s\u00fahlasia s t\u00fdm, \u017ee pou\u017e\u00edvanie webovej str\u00e1nky je na ich vlastn\u00e9 riziko.<\/p>\n\n\n\n<p>PODRAVKA INTERNATIONAL s.r.o. nezodpoved\u00e1 za \u017eiadne \u0161kody alebo zranenia (vr\u00e1tane, ale nie v\u00fdlu\u010dne, \u0161peci\u00e1lnych alebo n\u00e1sledn\u00fdch \u0161k\u00f4d), ktor\u00e9 m\u00f4\u017eu vyplyn\u00fa\u0165 z pou\u017e\u00edvania alebo nemo\u017enosti pou\u017ei\u0165 ak\u00fako\u013evek \u010das\u0165 webovej str\u00e1nky alebo ak\u00fdko\u013evek obsah na nej zverejnen\u00fd alebo pridan\u00fd in\u00fdmi pou\u017e\u00edvate\u013emi.<\/p>\n\n\n\n<p>Medi\u00e1lne subjekty a in\u00ed pou\u017e\u00edvatelia, ktor\u00ed pou\u017e\u00edvaj\u00fa webov\u00fa str\u00e1nku, v\u00fdslovne s\u00fahlasia s t\u00fdm, \u017ee od\u0161kodnia spolo\u010dnos\u0165 PODRAVKA INTERNATIONAL s.r.o. za v\u0161etky n\u00e1roky, n\u00e1klady, \u0161kody alebo z\u00e1v\u00e4zky vypl\u00fdvaj\u00face z ich nedbal\u00e9ho pou\u017e\u00edvania materi\u00e1lov webovej str\u00e1nky, vr\u00e1tane ak\u00fdchko\u013evek priamych, nepriamych, n\u00e1hodn\u00fdch, \u0161peci\u00e1lnych alebo n\u00e1sledn\u00fdch \u0161k\u00f4d.<\/p>\n\n\n\n<p>\u010ealej PODRAVKA INTERNATIONAL s.r.o. a jej dod\u00e1vatelia nepreberaj\u00fa \u017eiadnu zodpovednos\u0165 za presnos\u0165, \u00faplnos\u0165 alebo u\u017eito\u010dnos\u0165 inform\u00e1ci\u00ed, zariaden\u00ed, produktov alebo procesov uveden\u00fdch v tomto dokumente a nezaru\u010duj\u00fa, \u017ee pou\u017eitie tak\u00fdchto inform\u00e1ci\u00ed, zariaden\u00ed, produktov alebo procesov neporu\u0161\u00ed s\u00fakromn\u00e9 \u200b\u200bpr\u00e1va.<\/p>\n\n\n\n<h3 class=\"wp-block-heading\"><strong>Zrieknutie sa s\u00fahlasu<\/strong><\/h3>\n\n\n\n<p>Odkaz na ak\u00fdko\u013evek konkr\u00e9tny produkt, postup alebo slu\u017ebu obchodn\u00fdm n\u00e1zvom, ochrannou zn\u00e1mkou, v\u00fdrobcom alebo in\u00fdm sp\u00f4sobom nemus\u00ed nevyhnutne znamena\u0165 podporu, odpor\u00fa\u010danie alebo zv\u00fdhod\u0148ovanie ak\u00e9hoko\u013evek druhu spolo\u010dnos\u0165ou PODRAVKA INTERNATIONAL s.r.o. alebo ktor\u00fdko\u013evek z jej zamestnancov a dod\u00e1vate\u013eov.<\/p>\n\n\n\n<h3 class=\"wp-block-heading\"><strong>Vyl\u00fa\u010denie zodpovednosti za extern\u00fd odkaz<\/strong><\/h3>\n\n\n\n<p>Vzh\u013ead extern\u00fdch hypertextov\u00fdch odkazov nepredstavuje podporu prepojen\u00fdch webov\u00fdch str\u00e1nok alebo inform\u00e1ci\u00ed, produktov alebo slu\u017eieb na nich obsiahnut\u00fdch spolo\u010dnos\u0165ou PODRAVKA INTERNATIONAL s.r.o, jej dod\u00e1vate\u013emi alebo sponzormi. PODRAVKA INTERNATIONAL s.r.o. a jej zamestnanci, sponzori alebo dod\u00e1vatelia nevykon\u00e1vaj\u00fa kontrolu nad ak\u00fdmiko\u013evek inform\u00e1ciami dostupn\u00fdmi na tak\u00fdchto extern\u00fdch str\u00e1nkach. Extern\u00e9 odkazy na webovej str\u00e1nke s\u00fa v s\u00falade s politikou spolo\u010dnosti PODRAVKA INTERNATIONAL s.r.o. a spolo\u010dnos\u0165 PODRAVKA INTERNATIONAL s.r.o. nezodpoved\u00e1 za obsah \u017eiadnej prepojenej str\u00e1nky prijatej z jej serverov. Odkazy m\u00f4\u017eu obsahova\u0165 textov\u00e9 odkazy, mal\u00e9 obr\u00e1zky, ikony alebo miniat\u00fary, ktor\u00e9 ilustruj\u00fa odkaz bez reklamy na produkty alebo slu\u017eby.<\/p>\n\n\n\n<h2 class=\"wp-block-heading\">4. Odkazy<\/h2>\n\n\n\n<p>Vynaklad\u00e1me maxim\u00e1lne \u00fasilie, aby sme zabezpe\u010dili, \u017ee v\u0161etky presmerovania z na\u0161ich webov\u00fdch str\u00e1nok v\u00e1s a\/alebo va\u0161e die\u0165a nasmeruj\u00fa na webov\u00e9 str\u00e1nky s vysokokvalitn\u00fdm obsahom, t. j. obsahom, ktor\u00fd nepropaguje negativitu. Webov\u00e9 str\u00e1nky sa v\u0161ak r\u00fdchlo menia a nem\u00f4\u017eeme v\u017edy ru\u010di\u0165 za obsah ka\u017edej webovej lokality, na ktor\u00fa v\u00e1s nasmerujeme.<\/p>\n\n\n\n<h2 class=\"wp-block-heading\">6. Zmeny a ukon\u010denie<\/h2>\n\n\n\n<p>PODRAVKA INTERNATIONAL s.r.o. si vyhradzuje pr\u00e1vo kedyko\u013evek \u00faplne alebo \u010diasto\u010dne zmeni\u0165 alebo ukon\u010di\u0165 t\u00fato webov\u00fa str\u00e1nku a podmienky pou\u017e\u00edvania. Zmeny nadob\u00fadaj\u00fa \u00fa\u010dinnos\u0165 ich zverejnen\u00edm na tejto adrese alebo ich ozn\u00e1men\u00edm pou\u017e\u00edvate\u013eom. Podmienky pou\u017e\u00edvania bud\u00fa na\u010falej plati\u0165, k\u00fdm ich neukon\u010d\u00edte vy alebo spolo\u010dnos\u0165 PODRAVKA INTERNATIONAL s.r.o. Ukon\u010denie z va\u0161ej strany, mo\u017en\u00e9 kedyko\u013evek, znamen\u00e1 ukon\u010denie pou\u017e\u00edvania webovej str\u00e1nky a zru\u0161enie v\u0161etk\u00fdch \u201estiahnut\u00fdch\u201c a pou\u017eit\u00fdch materi\u00e1lov a obsahu z webovej str\u00e1nky.<\/p>\n\n\n\n<p>A\u017eurirano 29.1.2025.<\/p>\n","protected":false},"excerpt":{"rendered":"<p>Webov\u00fa str\u00e1nku&nbsp;https:\/\/lenvar.sk&nbsp;(\u010falej len webov\u00e1 str\u00e1nka) spustila a spravuje spolo\u010dnos\u0165 PODRAVKA INTERNATIONAL s.r.o. (\u010falej len \u201ePodravka\u201c, \u201emy\u201c, \u201en\u00e1s\u201c alebo \u201en\u00e1\u0161\u201c). Prv\u00fdm pou\u017eit\u00edm webovej str\u00e1nky m\u00e1me za to, \u017ee ste plne obozn\u00e1men\u00ed s t\u00fdmito Podmienkami, \u017ee im rozumiete a s\u00fahlas\u00edte s nimi. Ak nes\u00fahlas\u00edte s t\u00fdmito Podmienkami, nevstupujte na Webov\u00fa str\u00e1nku a nepou\u017e\u00edvajte jej obsah. Ak m\u00e1te [&hellip;]<\/p>\n","protected":false},"author":3,"featured_media":0,"parent":0,"menu_order":0,"comment_status":"closed","ping_status":"closed","template":"","meta":{"_acf_changed":false,"ep_exclude_from_search":false,"footnotes":""},"class_list":["post-34","page","type-page","status-publish","hentry"],"acf":[],"yoast_head":"<!-- This site is optimized with the Yoast SEO plugin v25.1 - https:\/\/yoast.com\/wordpress\/plugins\/seo\/ -->\n<title>Podmienky pou\u017e\u00edvania - Podravka<\/title>\n<meta name=\"robots\" content=\"index, follow, max-snippet:-1, max-image-preview:large, max-video-preview:-1\" \/>\n<link rel=\"canonical\" href=\"https:\/\/lenvarspodravkou.sk\/sk\/pravila-i-uvjeti-koristenja\/\" \/>\n<meta property=\"og:locale\" content=\"sk_SK\" \/>\n<meta property=\"og:type\" content=\"article\" \/>\n<meta property=\"og:title\" content=\"Podmienky pou\u017e\u00edvania - Podravka\" \/>\n<meta property=\"og:description\" content=\"Webov\u00fa str\u00e1nku&nbsp;https:\/\/lenvar.sk&nbsp;(\u010falej len webov\u00e1 str\u00e1nka) spustila a spravuje spolo\u010dnos\u0165 PODRAVKA INTERNATIONAL s.r.o. (\u010falej len \u201ePodravka\u201c, \u201emy\u201c, \u201en\u00e1s\u201c alebo \u201en\u00e1\u0161\u201c). Prv\u00fdm pou\u017eit\u00edm webovej str\u00e1nky m\u00e1me za to, \u017ee ste plne obozn\u00e1men\u00ed s t\u00fdmito Podmienkami, \u017ee im rozumiete a s\u00fahlas\u00edte s nimi. Ak nes\u00fahlas\u00edte s t\u00fdmito Podmienkami, nevstupujte na Webov\u00fa str\u00e1nku a nepou\u017e\u00edvajte jej obsah. Ak m\u00e1te [&hellip;]\" \/>\n<meta property=\"og:url\" content=\"https:\/\/lenvarspodravkou.sk\/sk\/pravila-i-uvjeti-koristenja\/\" \/>\n<meta property=\"og:site_name\" content=\"Podravka\" \/>\n<meta property=\"article:modified_time\" content=\"2025-07-02T07:21:21+00:00\" \/>\n<meta property=\"og:image\" content=\"https:\/\/cdn.vegeta.com\/ska\/2025\/09\/2b39f47aa7fe21af75a55948580f4d661a8c0b00.png\" \/>\n\t<meta property=\"og:image:width\" content=\"1200\" \/>\n\t<meta property=\"og:image:height\" content=\"630\" \/>\n\t<meta property=\"og:image:type\" content=\"image\/png\" \/>\n<meta name=\"twitter:card\" content=\"summary_large_image\" \/>\n<meta name=\"twitter:label1\" content=\"Est. reading time\" \/>\n\t<meta name=\"twitter:data1\" content=\"7 minutes\" \/>\n<script type=\"application\/ld+json\" class=\"yoast-schema-graph\">{\"@context\":\"https:\/\/schema.org\",\"@graph\":[{\"@type\":\"WebPage\",\"@id\":\"https:\/\/lenvarspodravkou.sk\/sk\/pravila-i-uvjeti-koristenja\/\",\"url\":\"https:\/\/lenvarspodravkou.sk\/sk\/pravila-i-uvjeti-koristenja\/\",\"name\":\"Podmienky pou\u017e\u00edvania - Podravka\",\"isPartOf\":{\"@id\":\"https:\/\/lenvarspodravkou.sk\/sk\/#website\"},\"datePublished\":\"2023-05-09T11:35:02+00:00\",\"dateModified\":\"2025-07-02T07:21:21+00:00\",\"breadcrumb\":{\"@id\":\"https:\/\/lenvarspodravkou.sk\/sk\/pravila-i-uvjeti-koristenja\/#breadcrumb\"},\"inLanguage\":\"sk-SK\",\"potentialAction\":[{\"@type\":\"ReadAction\",\"target\":[\"https:\/\/lenvarspodravkou.sk\/sk\/pravila-i-uvjeti-koristenja\/\"]}]},{\"@type\":\"BreadcrumbList\",\"@id\":\"https:\/\/lenvarspodravkou.sk\/sk\/pravila-i-uvjeti-koristenja\/#breadcrumb\",\"itemListElement\":[{\"@type\":\"ListItem\",\"position\":1,\"name\":\"Home\",\"item\":\"https:\/\/lenvarspodravkou.sk\/sk\/\"},{\"@type\":\"ListItem\",\"position\":2,\"name\":\"Podmienky pou\u017e\u00edvania\"}]},{\"@type\":\"WebSite\",\"@id\":\"https:\/\/lenvarspodravkou.sk\/sk\/#website\",\"url\":\"https:\/\/lenvarspodravkou.sk\/sk\/\",\"name\":\"Podravka\",\"description\":\"\",\"publisher\":{\"@id\":\"https:\/\/lenvarspodravkou.sk\/sk\/#organization\"},\"potentialAction\":[{\"@type\":\"SearchAction\",\"target\":{\"@type\":\"EntryPoint\",\"urlTemplate\":\"https:\/\/lenvarspodravkou.sk\/sk\/?s={search_term_string}\"},\"query-input\":{\"@type\":\"PropertyValueSpecification\",\"valueRequired\":true,\"valueName\":\"search_term_string\"}}],\"inLanguage\":\"sk-SK\"},{\"@type\":\"Organization\",\"@id\":\"https:\/\/lenvarspodravkou.sk\/sk\/#organization\",\"name\":\"Podravka\",\"url\":\"https:\/\/lenvarspodravkou.sk\/sk\/\",\"logo\":{\"@type\":\"ImageObject\",\"inLanguage\":\"sk-SK\",\"@id\":\"https:\/\/lenvarspodravkou.sk\/sk\/#\/schema\/logo\/image\/\",\"url\":\"https:\/\/cdn.vegeta.com\/ska\/2025\/09\/2b39f47aa7fe21af75a55948580f4d661a8c0b00.png\",\"contentUrl\":\"https:\/\/cdn.vegeta.com\/ska\/2025\/09\/2b39f47aa7fe21af75a55948580f4d661a8c0b00.png\",\"width\":1200,\"height\":630,\"caption\":\"Podravka\"},\"image\":{\"@id\":\"https:\/\/lenvarspodravkou.sk\/sk\/#\/schema\/logo\/image\/\"}}]}<\/script>\n<!-- \/ Yoast SEO plugin. -->","yoast_head_json":{"title":"Podmienky pou\u017e\u00edvania - Podravka","robots":{"index":"index","follow":"follow","max-snippet":"max-snippet:-1","max-image-preview":"max-image-preview:large","max-video-preview":"max-video-preview:-1"},"canonical":"https:\/\/lenvarspodravkou.sk\/sk\/pravila-i-uvjeti-koristenja\/","og_locale":"sk_SK","og_type":"article","og_title":"Podmienky pou\u017e\u00edvania - Podravka","og_description":"Webov\u00fa str\u00e1nku&nbsp;https:\/\/lenvar.sk&nbsp;(\u010falej len webov\u00e1 str\u00e1nka) spustila a spravuje spolo\u010dnos\u0165 PODRAVKA INTERNATIONAL s.r.o. (\u010falej len \u201ePodravka\u201c, \u201emy\u201c, \u201en\u00e1s\u201c alebo \u201en\u00e1\u0161\u201c). Prv\u00fdm pou\u017eit\u00edm webovej str\u00e1nky m\u00e1me za to, \u017ee ste plne obozn\u00e1men\u00ed s t\u00fdmito Podmienkami, \u017ee im rozumiete a s\u00fahlas\u00edte s nimi. Ak nes\u00fahlas\u00edte s t\u00fdmito Podmienkami, nevstupujte na Webov\u00fa str\u00e1nku a nepou\u017e\u00edvajte jej obsah. Ak m\u00e1te [&hellip;]","og_url":"https:\/\/lenvarspodravkou.sk\/sk\/pravila-i-uvjeti-koristenja\/","og_site_name":"Podravka","article_modified_time":"2025-07-02T07:21:21+00:00","og_image":[{"width":1200,"height":630,"url":"https:\/\/cdn.vegeta.com\/ska\/2025\/09\/2b39f47aa7fe21af75a55948580f4d661a8c0b00.png","type":"image\/png"}],"twitter_card":"summary_large_image","twitter_misc":{"Est. reading time":"7 minutes"},"schema":{"@context":"https:\/\/schema.org","@graph":[{"@type":"WebPage","@id":"https:\/\/lenvarspodravkou.sk\/sk\/pravila-i-uvjeti-koristenja\/","url":"https:\/\/lenvarspodravkou.sk\/sk\/pravila-i-uvjeti-koristenja\/","name":"Podmienky pou\u017e\u00edvania - Podravka","isPartOf":{"@id":"https:\/\/lenvarspodravkou.sk\/sk\/#website"},"datePublished":"2023-05-09T11:35:02+00:00","dateModified":"2025-07-02T07:21:21+00:00","breadcrumb":{"@id":"https:\/\/lenvarspodravkou.sk\/sk\/pravila-i-uvjeti-koristenja\/#breadcrumb"},"inLanguage":"sk-SK","potentialAction":[{"@type":"ReadAction","target":["https:\/\/lenvarspodravkou.sk\/sk\/pravila-i-uvjeti-koristenja\/"]}]},{"@type":"BreadcrumbList","@id":"https:\/\/lenvarspodravkou.sk\/sk\/pravila-i-uvjeti-koristenja\/#breadcrumb","itemListElement":[{"@type":"ListItem","position":1,"name":"Home","item":"https:\/\/lenvarspodravkou.sk\/sk\/"},{"@type":"ListItem","position":2,"name":"Podmienky pou\u017e\u00edvania"}]},{"@type":"WebSite","@id":"https:\/\/lenvarspodravkou.sk\/sk\/#website","url":"https:\/\/lenvarspodravkou.sk\/sk\/","name":"Podravka","description":"","publisher":{"@id":"https:\/\/lenvarspodravkou.sk\/sk\/#organization"},"potentialAction":[{"@type":"SearchAction","target":{"@type":"EntryPoint","urlTemplate":"https:\/\/lenvarspodravkou.sk\/sk\/?s={search_term_string}"},"query-input":{"@type":"PropertyValueSpecification","valueRequired":true,"valueName":"search_term_string"}}],"inLanguage":"sk-SK"},{"@type":"Organization","@id":"https:\/\/lenvarspodravkou.sk\/sk\/#organization","name":"Podravka","url":"https:\/\/lenvarspodravkou.sk\/sk\/","logo":{"@type":"ImageObject","inLanguage":"sk-SK","@id":"https:\/\/lenvarspodravkou.sk\/sk\/#\/schema\/logo\/image\/","url":"https:\/\/cdn.vegeta.com\/ska\/2025\/09\/2b39f47aa7fe21af75a55948580f4d661a8c0b00.png","contentUrl":"https:\/\/cdn.vegeta.com\/ska\/2025\/09\/2b39f47aa7fe21af75a55948580f4d661a8c0b00.png","width":1200,"height":630,"caption":"Podravka"},"image":{"@id":"https:\/\/lenvarspodravkou.sk\/sk\/#\/schema\/logo\/image\/"}}]}},"_links":{"self":[{"href":"https:\/\/lenvarspodravkou.sk\/sk\/wp-json\/wp\/v2\/pages\/34","targetHints":{"allow":["GET"]}}],"collection":[{"href":"https:\/\/lenvarspodravkou.sk\/sk\/wp-json\/wp\/v2\/pages"}],"about":[{"href":"https:\/\/lenvarspodravkou.sk\/sk\/wp-json\/wp\/v2\/types\/page"}],"author":[{"embeddable":true,"href":"https:\/\/lenvarspodravkou.sk\/sk\/wp-json\/wp\/v2\/users\/3"}],"replies":[{"embeddable":true,"href":"https:\/\/lenvarspodravkou.sk\/sk\/wp-json\/wp\/v2\/comments?post=34"}],"version-history":[{"count":8,"href":"https:\/\/lenvarspodravkou.sk\/sk\/wp-json\/wp\/v2\/pages\/34\/revisions"}],"predecessor-version":[{"id":7533,"href":"https:\/\/lenvarspodravkou.sk\/sk\/wp-json\/wp\/v2\/pages\/34\/revisions\/7533"}],"wp:attachment":[{"href":"https:\/\/lenvarspodravkou.sk\/sk\/wp-json\/wp\/v2\/media?parent=34"}],"curies":[{"name":"wp","href":"https:\/\/api.w.org\/{rel}","templated":true}]}}