{"id":3983,"date":"2023-10-02T13:37:19","date_gmt":"2023-10-02T13:37:19","guid":{"rendered":"https:\/\/podravka-vegeta.dev.enterwell.space\/?page_id=3983"},"modified":"2025-01-29T14:27:23","modified_gmt":"2025-01-29T13:27:23","slug":"kontakt","status":"publish","type":"page","link":"https:\/\/lenvarspodravkou.sk\/sk\/kontakt\/","title":{"rendered":"Kontakt"},"content":{"rendered":"\n<h2 class=\"wp-block-heading\">PODRAVKA INTERNATIONAL, s.r.o.<\/h2>\n\n\n\n<p>Jesensk\u00e9ho 1486<br>960 01 Zvolen<\/p>\n\n\n\n<p><strong>Telef\u00f3n:\u00a0+421 45 524 09 11<\/strong><\/p>\n\n\n\n<p><strong>Ka\u017ed\u00fd pracovn\u00fd de\u0148 od 8:00 do 15:00.<\/strong><\/p>\n\n\n\n<p>e-mail:\u00a0<a href=\"mailto:podravka@podravka.sk\">podravka@podravka.sk<\/a><\/p>\n","protected":false},"excerpt":{"rendered":"<p>PODRAVKA INTERNATIONAL, s.r.o. Jesensk\u00e9ho 1486960 01 Zvolen Telef\u00f3n:\u00a0+421 45 524 09 11 Ka\u017ed\u00fd pracovn\u00fd de\u0148 od 8:00 do 15:00. e-mail:\u00a0podravka@podravka.sk<\/p>\n","protected":false},"author":3,"featured_media":0,"parent":0,"menu_order":0,"comment_status":"closed","ping_status":"closed","template":"","meta":{"_acf_changed":false,"ep_exclude_from_search":false,"footnotes":""},"class_list":["post-3983","page","type-page","status-publish","hentry"],"acf":[],"yoast_head":"<!-- This site is optimized with the Yoast SEO plugin v25.1 - https:\/\/yoast.com\/wordpress\/plugins\/seo\/ -->\n<title>Kontakt - Podravka<\/title>\n<meta name=\"robots\" content=\"index, follow, max-snippet:-1, max-image-preview:large, max-video-preview:-1\" \/>\n<link rel=\"canonical\" href=\"https:\/\/lenvarspodravkou.sk\/sk\/kontakt\/\" \/>\n<meta property=\"og:locale\" content=\"sk_SK\" \/>\n<meta property=\"og:type\" content=\"article\" \/>\n<meta property=\"og:title\" content=\"Kontakt - Podravka\" \/>\n<meta property=\"og:description\" content=\"PODRAVKA INTERNATIONAL, s.r.o. Jesensk\u00e9ho 1486960 01 Zvolen Telef\u00f3n:\u00a0+421 45 524 09 11 Ka\u017ed\u00fd pracovn\u00fd de\u0148 od 8:00 do 15:00. e-mail:\u00a0podravka@podravka.sk\" \/>\n<meta property=\"og:url\" content=\"https:\/\/lenvarspodravkou.sk\/sk\/kontakt\/\" \/>\n<meta property=\"og:site_name\" content=\"Podravka\" \/>\n<meta property=\"article:modified_time\" content=\"2025-01-29T13:27:23+00:00\" \/>\n<meta property=\"og:image\" content=\"https:\/\/cdn.vegeta.com\/ska\/2025\/09\/2b39f47aa7fe21af75a55948580f4d661a8c0b00.png\" \/>\n\t<meta property=\"og:image:width\" content=\"1200\" \/>\n\t<meta property=\"og:image:height\" content=\"630\" \/>\n\t<meta property=\"og:image:type\" content=\"image\/png\" \/>\n<meta name=\"twitter:card\" content=\"summary_large_image\" \/>\n<meta name=\"twitter:label1\" content=\"Est. reading time\" \/>\n\t<meta name=\"twitter:data1\" content=\"1 minute\" \/>\n<script type=\"application\/ld+json\" class=\"yoast-schema-graph\">{\"@context\":\"https:\/\/schema.org\",\"@graph\":[{\"@type\":\"WebPage\",\"@id\":\"https:\/\/lenvarspodravkou.sk\/sk\/kontakt\/\",\"url\":\"https:\/\/lenvarspodravkou.sk\/sk\/kontakt\/\",\"name\":\"Kontakt - Podravka\",\"isPartOf\":{\"@id\":\"https:\/\/lenvarspodravkou.sk\/sk\/#website\"},\"datePublished\":\"2023-10-02T13:37:19+00:00\",\"dateModified\":\"2025-01-29T13:27:23+00:00\",\"breadcrumb\":{\"@id\":\"https:\/\/lenvarspodravkou.sk\/sk\/kontakt\/#breadcrumb\"},\"inLanguage\":\"sk-SK\",\"potentialAction\":[{\"@type\":\"ReadAction\",\"target\":[\"https:\/\/lenvarspodravkou.sk\/sk\/kontakt\/\"]}]},{\"@type\":\"BreadcrumbList\",\"@id\":\"https:\/\/lenvarspodravkou.sk\/sk\/kontakt\/#breadcrumb\",\"itemListElement\":[{\"@type\":\"ListItem\",\"position\":1,\"name\":\"Home\",\"item\":\"https:\/\/lenvarspodravkou.sk\/sk\/\"},{\"@type\":\"ListItem\",\"position\":2,\"name\":\"Kontakt\"}]},{\"@type\":\"WebSite\",\"@id\":\"https:\/\/lenvarspodravkou.sk\/sk\/#website\",\"url\":\"https:\/\/lenvarspodravkou.sk\/sk\/\",\"name\":\"Podravka\",\"description\":\"\",\"publisher\":{\"@id\":\"https:\/\/lenvarspodravkou.sk\/sk\/#organization\"},\"potentialAction\":[{\"@type\":\"SearchAction\",\"target\":{\"@type\":\"EntryPoint\",\"urlTemplate\":\"https:\/\/lenvarspodravkou.sk\/sk\/?s={search_term_string}\"},\"query-input\":{\"@type\":\"PropertyValueSpecification\",\"valueRequired\":true,\"valueName\":\"search_term_string\"}}],\"inLanguage\":\"sk-SK\"},{\"@type\":\"Organization\",\"@id\":\"https:\/\/lenvarspodravkou.sk\/sk\/#organization\",\"name\":\"Podravka\",\"url\":\"https:\/\/lenvarspodravkou.sk\/sk\/\",\"logo\":{\"@type\":\"ImageObject\",\"inLanguage\":\"sk-SK\",\"@id\":\"https:\/\/lenvarspodravkou.sk\/sk\/#\/schema\/logo\/image\/\",\"url\":\"https:\/\/cdn.vegeta.com\/ska\/2025\/09\/2b39f47aa7fe21af75a55948580f4d661a8c0b00.png\",\"contentUrl\":\"https:\/\/cdn.vegeta.com\/ska\/2025\/09\/2b39f47aa7fe21af75a55948580f4d661a8c0b00.png\",\"width\":1200,\"height\":630,\"caption\":\"Podravka\"},\"image\":{\"@id\":\"https:\/\/lenvarspodravkou.sk\/sk\/#\/schema\/logo\/image\/\"}}]}<\/script>\n<!-- \/ Yoast SEO plugin. -->","yoast_head_json":{"title":"Kontakt - Podravka","robots":{"index":"index","follow":"follow","max-snippet":"max-snippet:-1","max-image-preview":"max-image-preview:large","max-video-preview":"max-video-preview:-1"},"canonical":"https:\/\/lenvarspodravkou.sk\/sk\/kontakt\/","og_locale":"sk_SK","og_type":"article","og_title":"Kontakt - Podravka","og_description":"PODRAVKA INTERNATIONAL, s.r.o. Jesensk\u00e9ho 1486960 01 Zvolen Telef\u00f3n:\u00a0+421 45 524 09 11 Ka\u017ed\u00fd pracovn\u00fd de\u0148 od 8:00 do 15:00. e-mail:\u00a0podravka@podravka.sk","og_url":"https:\/\/lenvarspodravkou.sk\/sk\/kontakt\/","og_site_name":"Podravka","article_modified_time":"2025-01-29T13:27:23+00:00","og_image":[{"width":1200,"height":630,"url":"https:\/\/cdn.vegeta.com\/ska\/2025\/09\/2b39f47aa7fe21af75a55948580f4d661a8c0b00.png","type":"image\/png"}],"twitter_card":"summary_large_image","twitter_misc":{"Est. reading time":"1 minute"},"schema":{"@context":"https:\/\/schema.org","@graph":[{"@type":"WebPage","@id":"https:\/\/lenvarspodravkou.sk\/sk\/kontakt\/","url":"https:\/\/lenvarspodravkou.sk\/sk\/kontakt\/","name":"Kontakt - Podravka","isPartOf":{"@id":"https:\/\/lenvarspodravkou.sk\/sk\/#website"},"datePublished":"2023-10-02T13:37:19+00:00","dateModified":"2025-01-29T13:27:23+00:00","breadcrumb":{"@id":"https:\/\/lenvarspodravkou.sk\/sk\/kontakt\/#breadcrumb"},"inLanguage":"sk-SK","potentialAction":[{"@type":"ReadAction","target":["https:\/\/lenvarspodravkou.sk\/sk\/kontakt\/"]}]},{"@type":"BreadcrumbList","@id":"https:\/\/lenvarspodravkou.sk\/sk\/kontakt\/#breadcrumb","itemListElement":[{"@type":"ListItem","position":1,"name":"Home","item":"https:\/\/lenvarspodravkou.sk\/sk\/"},{"@type":"ListItem","position":2,"name":"Kontakt"}]},{"@type":"WebSite","@id":"https:\/\/lenvarspodravkou.sk\/sk\/#website","url":"https:\/\/lenvarspodravkou.sk\/sk\/","name":"Podravka","description":"","publisher":{"@id":"https:\/\/lenvarspodravkou.sk\/sk\/#organization"},"potentialAction":[{"@type":"SearchAction","target":{"@type":"EntryPoint","urlTemplate":"https:\/\/lenvarspodravkou.sk\/sk\/?s={search_term_string}"},"query-input":{"@type":"PropertyValueSpecification","valueRequired":true,"valueName":"search_term_string"}}],"inLanguage":"sk-SK"},{"@type":"Organization","@id":"https:\/\/lenvarspodravkou.sk\/sk\/#organization","name":"Podravka","url":"https:\/\/lenvarspodravkou.sk\/sk\/","logo":{"@type":"ImageObject","inLanguage":"sk-SK","@id":"https:\/\/lenvarspodravkou.sk\/sk\/#\/schema\/logo\/image\/","url":"https:\/\/cdn.vegeta.com\/ska\/2025\/09\/2b39f47aa7fe21af75a55948580f4d661a8c0b00.png","contentUrl":"https:\/\/cdn.vegeta.com\/ska\/2025\/09\/2b39f47aa7fe21af75a55948580f4d661a8c0b00.png","width":1200,"height":630,"caption":"Podravka"},"image":{"@id":"https:\/\/lenvarspodravkou.sk\/sk\/#\/schema\/logo\/image\/"}}]}},"_links":{"self":[{"href":"https:\/\/lenvarspodravkou.sk\/sk\/wp-json\/wp\/v2\/pages\/3983","targetHints":{"allow":["GET"]}}],"collection":[{"href":"https:\/\/lenvarspodravkou.sk\/sk\/wp-json\/wp\/v2\/pages"}],"about":[{"href":"https:\/\/lenvarspodravkou.sk\/sk\/wp-json\/wp\/v2\/types\/page"}],"author":[{"embeddable":true,"href":"https:\/\/lenvarspodravkou.sk\/sk\/wp-json\/wp\/v2\/users\/3"}],"replies":[{"embeddable":true,"href":"https:\/\/lenvarspodravkou.sk\/sk\/wp-json\/wp\/v2\/comments?post=3983"}],"version-history":[{"count":2,"href":"https:\/\/lenvarspodravkou.sk\/sk\/wp-json\/wp\/v2\/pages\/3983\/revisions"}],"predecessor-version":[{"id":6452,"href":"https:\/\/lenvarspodravkou.sk\/sk\/wp-json\/wp\/v2\/pages\/3983\/revisions\/6452"}],"wp:attachment":[{"href":"https:\/\/lenvarspodravkou.sk\/sk\/wp-json\/wp\/v2\/media?parent=3983"}],"curies":[{"name":"wp","href":"https:\/\/api.w.org\/{rel}","templated":true}]}}